{"id":3,"date":"2022-01-22T17:16:43","date_gmt":"2022-01-22T17:16:43","guid":{"rendered":"http:\/\/www.tecnogolfshop.mx\/?page_id=3"},"modified":"2024-01-05T16:16:53","modified_gmt":"2024-01-05T22:16:53","slug":"aviso-de-privacidad","status":"publish","type":"page","link":"https:\/\/www.tecnogolf.mx\/tienda\/aviso-de-privacidad\/","title":{"rendered":"Aviso de Privacidad"},"content":{"rendered":"\t\t<div data-elementor-type=\"wp-page\" data-elementor-id=\"3\" class=\"elementor elementor-3\">\n\t\t\t\t\t\t\t<div class=\"elementor-element elementor-element-10d0f775 e-flex e-con-boxed e-con e-parent\" data-id=\"10d0f775\" data-element_type=\"container\" data-settings=\"{&quot;content_width&quot;:&quot;boxed&quot;}\" data-core-v316-plus=\"true\">\n\t\t\t\t\t<div class=\"e-con-inner\">\n\t\t\t\t<div class=\"elementor-element elementor-element-4643f937 elementor-widget elementor-widget-text-editor\" data-id=\"4643f937\" data-element_type=\"widget\" data-widget_type=\"text-editor.default\">\n\t\t\t\t<div class=\"elementor-widget-container\">\n\t\t\t<style>\/*! elementor - v3.18.0 - 20-12-2023 *\/\n.elementor-widget-text-editor.elementor-drop-cap-view-stacked .elementor-drop-cap{background-color:#69727d;color:#fff}.elementor-widget-text-editor.elementor-drop-cap-view-framed .elementor-drop-cap{color:#69727d;border:3px solid;background-color:transparent}.elementor-widget-text-editor:not(.elementor-drop-cap-view-default) .elementor-drop-cap{margin-top:8px}.elementor-widget-text-editor:not(.elementor-drop-cap-view-default) .elementor-drop-cap-letter{width:1em;height:1em}.elementor-widget-text-editor .elementor-drop-cap{float:left;text-align:center;line-height:1;font-size:50px}.elementor-widget-text-editor .elementor-drop-cap-letter{display:inline-block}<\/style>\t\t\t\t<!-- wp:paragraph -->\n<h1>Aviso de privacidad<\/h1>\n<p>\u00a0<\/p>\n<p>De acuerdo a lo previsto en la \u201cLey Federal de Protecci\u00f3n de Datos Personales en Posesi\u00f3n de los Particulares, (La Ley), declara Tecnogolf M\u00e9xico, S.A. de C.V. (\u201cTecnogolf\u201d o \u201cNosotros\u201d), ser una empresa legalmente constituida de conformidad con las leyes mexicanas, con domicilio en 1er Retorno Universitario no.1, B61, Terra Business Park, Col. La Pradera, El Marqu\u00e9s, Quer\u00e9taro, C.P. 76269. y como responsable del tratamiento de sus datos personales, hace de su conocimiento que la informaci\u00f3n de nuestros CLIENTES es tratada de forma confidencial, y a continuaci\u00f3n se detalla la forma en que ser\u00e1 almacenada, resguardada, tratada y\/o compartida la informaci\u00f3n recabada a trav\u00e9s del sitio web www.tecnogolf.mx, y cualquier otro sitio controlado por TECNOGOLF (el \u201cSitio\u201d, \u201cNuestro Sitio\u201d).<\/p>\n<!-- \/wp:paragraph --><!-- wp:paragraph -->\n<p>Este Aviso de Privacidad (el \u201cAviso\u201d) aplica a todos los productos o servicios proporcionados por TECNOGOLF (los \u201cServicios\u201d) a trav\u00e9s de su Sitio. Al acceder al Sitio de TECNOGOLF usted acepta este Aviso de Privacidad. Si usted no est\u00e1 de acuerdo con este Aviso de Privacidad, se le recomienda por favor no utilizar los Servicios ni se registre al Sitio. Cada vez que utilice o acceda al Sitio, se aplicar\u00e1 la versi\u00f3n m\u00e1s reciente de este Aviso de Privacidad. Acorde a esto, cuando usted utilice o acceda al Sitio, deber\u00e1 revisar la fecha del Aviso e identificar cualquier modificaci\u00f3n realizada desde la versi\u00f3n anterior.<\/p>\n<!-- \/wp:paragraph --><!-- wp:paragraph -->\n<p><strong>Recolecci\u00f3n de la Informaci\u00f3n por TECNOGOLF<\/strong><\/p>\n<!-- \/wp:paragraph --><!-- wp:paragraph -->\n<p>TECNOGOLF puede recolectar informaci\u00f3n de sus CLIENTES, a trav\u00e9s de nuestros Sitio, del siguiente tipo:<\/p>\n<!-- \/wp:paragraph --><!-- wp:paragraph -->\n<p>\u201cInformaci\u00f3n Personal\u201d.- Nombre completo, tel\u00e9fono, direcci\u00f3n, correo electr\u00f3nico y\/o cargo, u ocupaci\u00f3n. TECNOGOLF recolecta la \u201cInformaci\u00f3n Personal\u201d cuando es proporcionada, de forma voluntaria, por usted, al momento de registrarse en nuestro Sitio.<\/p>\n<!-- \/wp:paragraph --><!-- wp:paragraph -->\n<p>\u201cInformaci\u00f3n Agregada\u201d.- (Frecuencia de visitas al Sitio, los t\u00e9rminos de b\u00fasqueda introducidos, las p\u00e1ginas del Sitio de acceso m\u00e1s frecuentes, tipo de navegador utilizado, etc.).<\/p>\n<!-- \/wp:paragraph --><!-- wp:paragraph -->\n<p>En este acto, usted reconoce y acepta que la Informaci\u00f3n proporcionada por usted, \u201cInformaci\u00f3n Personal\u201d, a trav\u00e9s de nuestra plataforma, servidor, correo electr\u00f3nico u otro medio, es identificable con su persona.<\/p>\n<!-- \/wp:paragraph --><!-- wp:paragraph -->\n<p>La \u201cInformaci\u00f3n Agregada\u201d es recolectada de forma autom\u00e1tica cuando los futuros clientes o CLIENTES visitan las p\u00e1ginas que integra el Sitio, solicitan nuestros Servicios y\/o env\u00edan toda clase de documentos, anexos o ejemplos en relaci\u00f3n a los mismos. La \u201cInformaci\u00f3n Agregada\u201d es utilizada de forma colectiva o agregada con el fin de monitorizar, auditar y analizar la informaci\u00f3n relativa a los indicadores de nuestro negocio.<\/p>\n<!-- \/wp:paragraph --><!-- wp:paragraph -->\n<p><strong>Uso de la informaci\u00f3n por TECNOGOLF<\/strong><\/p>\n<!-- \/wp:paragraph --><!-- wp:paragraph -->\n<p>Utilizamos la \u201cInformaci\u00f3n Personal\u201d y la \u201cInformaci\u00f3n Agregada\u201d en un esfuerzo para mejorar su experiencia en el Sitio y para comunicarnos con usted acerca de la informaci\u00f3n que solicite. Tambi\u00e9n podemos utilizar esta informaci\u00f3n para ayudarnos a dirigir servicios u ofertas espec\u00edficas para Usted, para ayudar a desarrollar y mejorar nuestro Sitio, para mejorar nuestros Servicios, para adaptar nuestro Sitio a sus intereses, para registrarlo en las bases de datos relacionadas con nuestros servicios, para atender alcaraciones, para la elaboraci\u00f3n de estad\u00edsticas, para enviar y recibir toda clase de notificaciones y comunicaci\u00f3n relacionada con nuestras operaciones y servicio, para env\u00edo y aceptaci\u00f3n de cotizaciones, para enviar y recibir retroalimentaci\u00f3n relacionada con nuestro servicio, para el env\u00edo de promociones o encuestas, y en general para todas aquellas actividades que se relacionen con nuestro servicio y permitan la satisfacci\u00f3n de nuestros CLIENTES.<\/p>\n<!-- \/wp:paragraph --><!-- wp:paragraph -->\n<p><strong>Informaci\u00f3n Compartida<\/strong><\/p>\n<!-- \/wp:paragraph --><!-- wp:paragraph -->\n<p>TECNOGOLF no comparte, comercializa de forma alguna, o divulga ninguna de las clases de su informaci\u00f3n con terceras personas, salvo en lo indicado en el presente Aviso de Privacidad. TECNOGOLF puede utilizar la informaci\u00f3n que usted proporciona, para hacerle llegar a trav\u00e9s de nuestra plataforma y\/o mailchimp, actividades de promoci\u00f3n y\/o mercadotecnia de TECNOGOLF y\/o sus Servicios, as\u00ed como para compartirla en cualquier momento con sociedades controladoras, filiales o subsidiarias de TECNOGOLF.<\/p>\n<!-- \/wp:paragraph --><!-- wp:paragraph -->\n<p>TECNOGOLF no comercializa de forma alguna o comparte ninguna de las clases de su informaci\u00f3n, con terceros no relacionados para sus propios fines de marketing.<\/p>\n<!-- \/wp:paragraph --><!-- wp:paragraph -->\n<p>Bajo las siguientes circunstancias, TECNOGOLF podr\u00e1 compartir o transferir a terceros no relacionados, cualquiera de las clases de: (i) para cumplir con un requisito legal, procedimiento judicial, orden judicial o proceso legal relacionado con TECNOGOLF, (ii) para investigar un posible delito, como fraude o robo de identidad, (iii) en relaci\u00f3n con la venta, compra, fusi\u00f3n, reorganizaci\u00f3n, escisi\u00f3n, liquidaci\u00f3n o disoluci\u00f3n de TECNOGOLF, (iv) cuando creamos que es necesario para proteger los derechos, propiedad o seguridad de TECNOGOLF u otras personas, o (v) como lo obligue o permita la ley.<\/p>\n<!-- \/wp:paragraph --><!-- wp:paragraph -->\n<p>TECNOGOLF puede compartir, vender o negociar con terceros, la \u201cInformaci\u00f3n Agregada\u201d no personal, como el n\u00famero de CLIENTES que han buscado un t\u00e9rmino o han hecho una b\u00fasqueda de informaci\u00f3n particular. Como se estableci\u00f3 anteriormente, esta informaci\u00f3n no le identifica de forma individual.<\/p>\n<!-- \/wp:paragraph --><!-- wp:paragraph -->\n<p><strong>Seguridad Relativa a su Informaci\u00f3n<\/strong><\/p>\n<!-- \/wp:paragraph --><!-- wp:paragraph -->\n<p>TECNOGOLF toma las medidas de seguridad razonablemente necesarias para proteger su informaci\u00f3n, contra el acceso no autorizado, la alteraci\u00f3n, divulgaci\u00f3n o destrucci\u00f3n, hace obligatorias dichas medidas a sus empleados y\/o asesores. Lo anterior, incluye revisiones internas a los datos recolectados, procesados y almacenados, as\u00ed como medidas de seguridad f\u00edsicas para protegerlos de accesos no autorizados a los sistemas de almacenamiento de Informaci\u00f3n Personal.<\/p>\n<!-- \/wp:paragraph --><!-- wp:paragraph -->\n<p>Ning\u00fan m\u00e9todo de transmisi\u00f3n por Internet es 100% seguro. Por lo tanto, aunque nos esforzamos por proteger su informaci\u00f3n, no podemos garantizar su absoluta seguridad. En ning\u00fan caso TECNOGOLF, sus sociedades controladoras, filiales y\/o subsidiarias, o cualquiera de las partes involucradas en la creaci\u00f3n, producci\u00f3n o entrega del Sitio y los Servicios ser\u00e1n responsables, en modo alguno, por ning\u00fan da\u00f1o incidental, consecuente, indirecto, especial o punitivo derivado de su acceso, uso o imposibilidad de uso de los Sitios y los Servicios, o en relaci\u00f3n con cualquier falla, error, omisi\u00f3n, interrupci\u00f3n, defecto, demora en la operaci\u00f3n o transmisi\u00f3n, virus inform\u00e1tico o falla del sistema (incluyendo la p\u00e9rdida de beneficios, p\u00e9rdida de negocio o datos, interrupci\u00f3n del negocio, y da\u00f1os que resultado de la inexactitud de la informaci\u00f3n o inconvenientes retrase o provoque la p\u00e9rdida de funcionamiento del Sitio).<\/p>\n<!-- \/wp:paragraph --><!-- wp:paragraph -->\n<p>Las limitaciones anteriores se aplican en el supuesto de que la responsabilidad se basa en un contrato, agravio, negligencia, estricta responsabilidad, o cualquier otra forma, a\u00fan cuando TECNOGOLF, sus sociedades controladoras, filiales y\/o subsidiarias, o cualquier otra parte haya sido advertida de la posibilidad de tales da\u00f1os.<\/p>\n<!-- \/wp:paragraph --><!-- wp:paragraph -->\n<p><strong>Sitios de Terceros<\/strong><\/p>\n<!-- \/wp:paragraph --><!-- wp:paragraph -->\n<p>Mientras utiliza el Sitio, puede encontrarse con enlaces a sitios web de terceros. TECNOGOLF no se hace responsable por estos sitios, su informaci\u00f3n ni contenido, ni asume responsabilidad u obligaci\u00f3n alguna respecto de las cuestiones de privacidad o cualquier otra cuesti\u00f3n legal relacionada con dichos sitios. Le recomendamos que lea atentamente las pol\u00edticas de privacidad y las condiciones de uso de dichos sitios web. Nuestros T\u00e9rminos y Condiciones y Aviso condiciones de privacidad, \u00fanicamente aplican a los servicios que TECNOGOLF ofrece a trav\u00e9s de nuestro Sitio, y a la informaci\u00f3n que recolecta, de conformidad con esta pol\u00edtica.<\/p>\n<!-- \/wp:paragraph --><!-- wp:paragraph -->\n<p><strong>Menores de edad<\/strong><\/p>\n<!-- \/wp:paragraph --><!-- wp:paragraph -->\n<p>TECNOGOLF lleva a cabo las acciones que en la medida de lo posible, impidan que menores de edad se suscriban y soliciten de sus servicios. TECNOGOLF no asume ninguna responsabilidad, en el caso de cualquier menor de edad llegue a asumir obligaciones de pago, utilizando \u201cInformaci\u00f3n Personal\u201d de sus padres, de quienes ejercan sobre \u00e9l o ella la patria potestad, o de cualquier tercero.<\/p>\n<!-- \/wp:paragraph --><!-- wp:paragraph -->\n<p>Todo registro o suscripaci\u00f3n llevada a cabo por un menor de edad, ser\u00e1 inmediatamente eliminiado por TECNOGOLF, en cuanto tenga conocimiento de ello, sin responsabilidad para ella.<\/p>\n<!-- \/wp:paragraph --><!-- wp:paragraph -->\n<p><strong>Integridad de sus Datos<\/strong><\/p>\n<!-- \/wp:paragraph --><!-- wp:paragraph -->\n<p>TECNOGOLF procesa su informaci\u00f3n, \u00fanicamente para los fines para los que fue recopilada y de acuerdo con este Aviso de Privacidad. Revisamos nuestras pr\u00e1cticas de recopilaci\u00f3n, almacenamiento y procesamiento de datos para asegurar que s\u00f3lo recogemos, almacenamos y procesamos la informaci\u00f3n necesaria para proporcionar o mejorar nuestros servicios. Tomamos todas las medidas razonablemente necesarias para asegurar que la informaci\u00f3n personal que procesamos es precisa, completa y actual, pero dependemos de los CLIENTES para actualizar o corregir su informaci\u00f3n, cualquiera que sea, cuando sea necesario.<\/p>\n<!-- \/wp:paragraph --><!-- wp:paragraph -->\n<p><strong>Transferencia del Negocio<\/strong><\/p>\n<!-- \/wp:paragraph --><!-- wp:paragraph -->\n<p>En el caso de que TECNOGOLF venda sustancialmente todos sus activos, o algunas de sus unidades de negocio sean adquiridas por otras personas o empresas, la \u201cInformaci\u00f3n Personal\u201d de los CLIENTES del Sitio y de los Servicios, y la \u201cInformaci\u00f3n Agregada\u201d probablemente sean algunos de los activos transferidos.<\/p>\n<!-- \/wp:paragraph --><!-- wp:paragraph -->\n<p><strong>Cambios a este Aviso de Privacidad<\/strong><\/p>\n<!-- \/wp:paragraph --><!-- wp:paragraph -->\n<p>Este Aviso de Privacidad podr\u00e1 cambiar en cualquier momento y sin previa notificaci\u00f3n, pudiendo ser consultado mediante la publicaci\u00f3n de la versi\u00f3n actualizada y vigente de este Aviso en nuestro Sitio. Tenga en cuenta que es su responsabilidad revisar el Aviso de Privacidad vigente de forma peri\u00f3dica y siempre antes de utilizar los Servicios de TECNOGOLF.<\/p>\n<!-- \/wp:paragraph --><!-- wp:paragraph -->\n<p><strong>Derechos ARCO<\/strong><\/p>\n<!-- \/wp:paragraph --><!-- wp:paragraph -->\n<p>Todos sus datos personales son tratados de acuerdo a la legislaci\u00f3n aplicable y vigente en los Estados Unidos Mexicanos, por ello le informamos que usted goza de los derechos (ARCO), durante el plazo establecido en la Ley. Para poder acceder, rectificar, cancelar u oponerse al tratamiento que le damos a sus datos personales; usted podr\u00e1 hacer valer este derecho, a trav\u00e9s del \u00c1rea de Privacidad encargada de la seguridad de datos personales, por medio de su correo electr\u00f3nico: icontact@tecngolf.mx, o a trav\u00e9s del mismo Sitio. en la secci\u00f3n de \u201cContacto\u201d.<\/p>\n<!-- \/wp:paragraph --><!-- wp:paragraph -->\n<p><strong>Autoridad<\/strong><\/p>\n<!-- \/wp:paragraph --><!-- wp:paragraph -->\n<p>Si TECNOGOLF viola las disposiciones previstas en la Ley, por causas imputables a ella, usted podr\u00e1\u0301 interponer la queja o denuncia correspondiente ante el IFAI. Para mayor informaci\u00f3n visite www.ifai.org.mx<\/p>\n<!-- \/wp:paragraph --><!-- wp:paragraph -->\n<p>El presente Aviso de Privacidad, es aplicable a personas f\u00edsicas y morales. La informaci\u00f3n proporcionada a TECNOGOLF, NO es considerada como sensible, de conformidad con la Ley.<\/p>\n<!-- \/wp:paragraph --><!-- wp:paragraph -->\n<p><strong>\u00daltima Actualizaci\u00f3n: Abril 2021.<\/strong><\/p>\n<!-- \/wp:paragraph -->\t\t\t\t\t\t<\/div>\n\t\t\t\t<\/div>\n\t\t\t\t\t<\/div>\n\t\t\t\t<\/div>\n\t\t\t\t\t\t\t<\/div>\n\t\t","protected":false},"excerpt":{"rendered":"<p>Aviso de privacidad \u00a0 De acuerdo a lo previsto en la \u201cLey Federal de Protecci\u00f3n de Datos Personales en Posesi\u00f3n de los Particulares, (La Ley), declara Tecnogolf M\u00e9xico, S.A. de C.V. (\u201cTecnogolf\u201d o \u201cNosotros\u201d), ser una empresa legalmente constituida de conformidad con las leyes mexicanas, con domicilio en 1er Retorno Universitario no.1, B61, Terra Business &hellip;<\/p>\n","protected":false},"author":1,"featured_media":0,"parent":0,"menu_order":0,"comment_status":"closed","ping_status":"open","template":"","meta":{"footnotes":""},"class_list":["post-3","page","type-page","status-publish","hentry"],"_links":{"self":[{"href":"https:\/\/www.tecnogolf.mx\/tienda\/wp-json\/wp\/v2\/pages\/3","targetHints":{"allow":["GET"]}}],"collection":[{"href":"https:\/\/www.tecnogolf.mx\/tienda\/wp-json\/wp\/v2\/pages"}],"about":[{"href":"https:\/\/www.tecnogolf.mx\/tienda\/wp-json\/wp\/v2\/types\/page"}],"author":[{"embeddable":true,"href":"https:\/\/www.tecnogolf.mx\/tienda\/wp-json\/wp\/v2\/users\/1"}],"replies":[{"embeddable":true,"href":"https:\/\/www.tecnogolf.mx\/tienda\/wp-json\/wp\/v2\/comments?post=3"}],"version-history":[{"count":7,"href":"https:\/\/www.tecnogolf.mx\/tienda\/wp-json\/wp\/v2\/pages\/3\/revisions"}],"predecessor-version":[{"id":3248,"href":"https:\/\/www.tecnogolf.mx\/tienda\/wp-json\/wp\/v2\/pages\/3\/revisions\/3248"}],"wp:attachment":[{"href":"https:\/\/www.tecnogolf.mx\/tienda\/wp-json\/wp\/v2\/media?parent=3"}],"curies":[{"name":"wp","href":"https:\/\/api.w.org\/{rel}","templated":true}]}}