{"id":1062,"date":"2022-04-18T16:00:15","date_gmt":"2022-04-18T22:00:15","guid":{"rendered":"https:\/\/www.tecnogolfshop.mx\/producto\/999999401\/"},"modified":"2024-01-26T12:46:31","modified_gmt":"2024-01-26T18:46:31","slug":"999999401","status":"publish","type":"product","link":"https:\/\/www.tecnogolf.mx\/tienda\/producto\/999999401\/","title":{"rendered":"Pelotas Volvik Vivid Lite Rosas (Docena)"},"content":{"rendered":"<p>Velocidad del Driver: 70 &#8211; 90 mph<br \/>\nMedio Suave<br \/>\nTrayectoria Media &#8211; Alta<br \/>\nSpin Medio &#8211; Alto<br \/>\nTrayectoria media alta consistente.<br \/>\nMejor visibilidad.<br \/>\nM\u00e1s precisi\u00f3n con vuelo recto.<br \/>\nPrecisi\u00f3n extrema con alto spin.<\/p>\n","protected":false},"excerpt":{"rendered":"<p>Velocidad del Driver: 70 &#8211; 90 mph Medio Suave Trayectoria Media &#8211; Alta Spin Medio &#8211; Alto Trayectoria media alta consistente. Mejor visibilidad. M\u00e1s precisi\u00f3n con vuelo recto. Precisi\u00f3n extrema con alto spin.<\/p>\n","protected":false},"featured_media":1524,"template":"","meta":[],"product_brand":[],"product_cat":[17],"product_tag":[27],"class_list":{"0":"post-1062","1":"product","2":"type-product","3":"status-publish","4":"has-post-thumbnail","6":"product_cat-pelotas","7":"product_tag-10mayo2022","9":"first","10":"instock","11":"taxable","12":"shipping-taxable","13":"purchasable","14":"product-type-simple"},"_links":{"self":[{"href":"https:\/\/www.tecnogolf.mx\/tienda\/wp-json\/wp\/v2\/product\/1062","targetHints":{"allow":["GET"]}}],"collection":[{"href":"https:\/\/www.tecnogolf.mx\/tienda\/wp-json\/wp\/v2\/product"}],"about":[{"href":"https:\/\/www.tecnogolf.mx\/tienda\/wp-json\/wp\/v2\/types\/product"}],"wp:featuredmedia":[{"embeddable":true,"href":"https:\/\/www.tecnogolf.mx\/tienda\/wp-json\/wp\/v2\/media\/1524"}],"wp:attachment":[{"href":"https:\/\/www.tecnogolf.mx\/tienda\/wp-json\/wp\/v2\/media?parent=1062"}],"wp:term":[{"taxonomy":"product_brand","embeddable":true,"href":"https:\/\/www.tecnogolf.mx\/tienda\/wp-json\/wp\/v2\/product_brand?post=1062"},{"taxonomy":"product_cat","embeddable":true,"href":"https:\/\/www.tecnogolf.mx\/tienda\/wp-json\/wp\/v2\/product_cat?post=1062"},{"taxonomy":"product_tag","embeddable":true,"href":"https:\/\/www.tecnogolf.mx\/tienda\/wp-json\/wp\/v2\/product_tag?post=1062"}],"curies":[{"name":"wp","href":"https:\/\/api.w.org\/{rel}","templated":true}]}}