{"id":1116,"date":"2022-04-18T17:42:06","date_gmt":"2022-04-18T23:42:06","guid":{"rendered":"https:\/\/www.tecnogolfshop.mx\/producto\/55577001\/"},"modified":"2026-03-24T11:47:16","modified_gmt":"2026-03-24T17:47:16","slug":"55577001","status":"publish","type":"product","link":"https:\/\/www.tecnogolf.mx\/tienda\/producto\/55577001\/","title":{"rendered":"Pelotas Volvik DS55 Rosas (Docena)"},"content":{"rendered":"<p>GOLFISTAS PRINCIPIANTES A NIVEL MEDIO (ACABADO BRILLANTE)<br \/>\nSpin bajo en el driver, produce un vuelo preciso<br \/>\ny estable.<br \/>\nDistancia m\u00e1xima por su n\u00facleo altamente el\u00e1stico<br \/>\ny poderoso.<br \/>\nAlto spin con los wedges, provee spin tipo \u201cTour<br \/>\nPro\u201d alrededor del green.<br \/>\nPerfecta en el putt.<\/p>\n","protected":false},"excerpt":{"rendered":"<p>GOLFISTAS PRINCIPIANTES A NIVEL MEDIO (ACABADO BRILLANTE) Spin bajo en el driver, produce un vuelo preciso y estable. Distancia m\u00e1xima por su n\u00facleo altamente el\u00e1stico y poderoso. Alto spin con los wedges, provee spin tipo \u201cTour Pro\u201d alrededor del green. Perfecta en el putt.<\/p>\n","protected":false},"featured_media":2714,"template":"","meta":[],"product_brand":[],"product_cat":[17],"product_tag":[],"class_list":{"0":"post-1116","1":"product","2":"type-product","3":"status-publish","4":"has-post-thumbnail","6":"product_cat-pelotas","8":"first","9":"instock","10":"taxable","11":"shipping-taxable","12":"purchasable","13":"product-type-simple"},"_links":{"self":[{"href":"https:\/\/www.tecnogolf.mx\/tienda\/wp-json\/wp\/v2\/product\/1116","targetHints":{"allow":["GET"]}}],"collection":[{"href":"https:\/\/www.tecnogolf.mx\/tienda\/wp-json\/wp\/v2\/product"}],"about":[{"href":"https:\/\/www.tecnogolf.mx\/tienda\/wp-json\/wp\/v2\/types\/product"}],"wp:featuredmedia":[{"embeddable":true,"href":"https:\/\/www.tecnogolf.mx\/tienda\/wp-json\/wp\/v2\/media\/2714"}],"wp:attachment":[{"href":"https:\/\/www.tecnogolf.mx\/tienda\/wp-json\/wp\/v2\/media?parent=1116"}],"wp:term":[{"taxonomy":"product_brand","embeddable":true,"href":"https:\/\/www.tecnogolf.mx\/tienda\/wp-json\/wp\/v2\/product_brand?post=1116"},{"taxonomy":"product_cat","embeddable":true,"href":"https:\/\/www.tecnogolf.mx\/tienda\/wp-json\/wp\/v2\/product_cat?post=1116"},{"taxonomy":"product_tag","embeddable":true,"href":"https:\/\/www.tecnogolf.mx\/tienda\/wp-json\/wp\/v2\/product_tag?post=1116"}],"curies":[{"name":"wp","href":"https:\/\/api.w.org\/{rel}","templated":true}]}}