{"id":1169,"date":"2022-04-18T18:48:01","date_gmt":"2022-04-19T00:48:01","guid":{"rendered":"https:\/\/www.tecnogolfshop.mx\/producto\/99900001\/"},"modified":"2024-01-26T12:39:11","modified_gmt":"2024-01-26T18:39:11","slug":"99900001","status":"publish","type":"product","link":"https:\/\/www.tecnogolf.mx\/tienda\/producto\/99900001\/","title":{"rendered":"Pelotas Volvik Vivid Soft Rosas (Docena)"},"content":{"rendered":"<p>Vivid soft: Volvik ampli\u00f3 su l\u00ednea de bolas cubiertas de poliuretano premium para incluir el acabado mate vivo suave. M\u00e1s all\u00e1 de la est\u00e9tica, esta compresi\u00f3n m\u00e1s baja atrae a los jugadores con capacidad de handicap bajo a medio y velocidades de oscilaci\u00f3n moderadas buscando m\u00e1s distancia, precisi\u00f3n y un excelente control de la zona de green.<\/p>\n","protected":false},"excerpt":{"rendered":"<p>Vivid soft: Volvik ampli\u00f3 su l\u00ednea de bolas cubiertas de poliuretano premium para incluir el acabado mate vivo suave. M\u00e1s all\u00e1 de la est\u00e9tica, esta compresi\u00f3n m\u00e1s baja atrae a los jugadores con capacidad de handicap bajo a medio y velocidades de oscilaci\u00f3n moderadas buscando m\u00e1s distancia, precisi\u00f3n y un excelente control de la zona &hellip;<\/p>\n","protected":false},"featured_media":1576,"template":"","meta":[],"product_brand":[],"product_cat":[17],"product_tag":[27],"class_list":{"0":"post-1169","1":"product","2":"type-product","3":"status-publish","4":"has-post-thumbnail","6":"product_cat-pelotas","7":"product_tag-10mayo2022","9":"first","10":"instock","11":"taxable","12":"shipping-taxable","13":"purchasable","14":"product-type-simple"},"_links":{"self":[{"href":"https:\/\/www.tecnogolf.mx\/tienda\/wp-json\/wp\/v2\/product\/1169","targetHints":{"allow":["GET"]}}],"collection":[{"href":"https:\/\/www.tecnogolf.mx\/tienda\/wp-json\/wp\/v2\/product"}],"about":[{"href":"https:\/\/www.tecnogolf.mx\/tienda\/wp-json\/wp\/v2\/types\/product"}],"wp:featuredmedia":[{"embeddable":true,"href":"https:\/\/www.tecnogolf.mx\/tienda\/wp-json\/wp\/v2\/media\/1576"}],"wp:attachment":[{"href":"https:\/\/www.tecnogolf.mx\/tienda\/wp-json\/wp\/v2\/media?parent=1169"}],"wp:term":[{"taxonomy":"product_brand","embeddable":true,"href":"https:\/\/www.tecnogolf.mx\/tienda\/wp-json\/wp\/v2\/product_brand?post=1169"},{"taxonomy":"product_cat","embeddable":true,"href":"https:\/\/www.tecnogolf.mx\/tienda\/wp-json\/wp\/v2\/product_cat?post=1169"},{"taxonomy":"product_tag","embeddable":true,"href":"https:\/\/www.tecnogolf.mx\/tienda\/wp-json\/wp\/v2\/product_tag?post=1169"}],"curies":[{"name":"wp","href":"https:\/\/api.w.org\/{rel}","templated":true}]}}