{"id":1240,"date":"2022-04-18T19:41:42","date_gmt":"2022-04-19T01:41:42","guid":{"rendered":"https:\/\/www.tecnogolfshop.mx\/producto\/999999406\/"},"modified":"2024-04-30T12:17:57","modified_gmt":"2024-04-30T18:17:57","slug":"999999406","status":"publish","type":"product","link":"https:\/\/www.tecnogolf.mx\/tienda\/producto\/999999406\/","title":{"rendered":"Pelotas Volvik Vivid Lite Azul (Docena)"},"content":{"rendered":"<p>Velocidad del Driver: 70 &#8211; 90 mph<br \/>\nMedio Suave<br \/>\nTrayectoria Media &#8211; Alta<br \/>\nSpin Medio &#8211; Alto<br \/>\nTrayectoria media alta consistente.<br \/>\nMejor visibilidad.<br \/>\nM\u00e1s precisi\u00f3n con vuelo recto.<br \/>\nPrecisi\u00f3n extrema con alto spin.<\/p>\n","protected":false},"excerpt":{"rendered":"<p>Velocidad del Driver: 70 &#8211; 90 mph Medio Suave Trayectoria Media &#8211; Alta Spin Medio &#8211; Alto Trayectoria media alta consistente. Mejor visibilidad. M\u00e1s precisi\u00f3n con vuelo recto. Precisi\u00f3n extrema con alto spin.<\/p>\n","protected":false},"featured_media":1659,"template":"","meta":[],"product_brand":[],"product_cat":[17],"product_tag":[],"class_list":{"0":"post-1240","1":"product","2":"type-product","3":"status-publish","4":"has-post-thumbnail","6":"product_cat-pelotas","8":"first","9":"instock","10":"taxable","11":"shipping-taxable","12":"purchasable","13":"product-type-simple"},"_links":{"self":[{"href":"https:\/\/www.tecnogolf.mx\/tienda\/wp-json\/wp\/v2\/product\/1240","targetHints":{"allow":["GET"]}}],"collection":[{"href":"https:\/\/www.tecnogolf.mx\/tienda\/wp-json\/wp\/v2\/product"}],"about":[{"href":"https:\/\/www.tecnogolf.mx\/tienda\/wp-json\/wp\/v2\/types\/product"}],"wp:featuredmedia":[{"embeddable":true,"href":"https:\/\/www.tecnogolf.mx\/tienda\/wp-json\/wp\/v2\/media\/1659"}],"wp:attachment":[{"href":"https:\/\/www.tecnogolf.mx\/tienda\/wp-json\/wp\/v2\/media?parent=1240"}],"wp:term":[{"taxonomy":"product_brand","embeddable":true,"href":"https:\/\/www.tecnogolf.mx\/tienda\/wp-json\/wp\/v2\/product_brand?post=1240"},{"taxonomy":"product_cat","embeddable":true,"href":"https:\/\/www.tecnogolf.mx\/tienda\/wp-json\/wp\/v2\/product_cat?post=1240"},{"taxonomy":"product_tag","embeddable":true,"href":"https:\/\/www.tecnogolf.mx\/tienda\/wp-json\/wp\/v2\/product_tag?post=1240"}],"curies":[{"name":"wp","href":"https:\/\/api.w.org\/{rel}","templated":true}]}}