{"id":1290,"date":"2022-04-18T20:09:53","date_gmt":"2022-04-19T02:09:53","guid":{"rendered":"https:\/\/www.tecnogolfshop.mx\/producto\/44444003\/"},"modified":"2024-01-26T12:31:29","modified_gmt":"2024-01-26T18:31:29","slug":"44444003","status":"publish","type":"product","link":"https:\/\/www.tecnogolf.mx\/tienda\/producto\/44444003\/","title":{"rendered":"Pelotas Volvik S4 Verdes (Docena)"},"content":{"rendered":"<p>GOLFISTAS AVANZADOS CON ALTA VELOCIDAD DE SWING<br \/>\nM\u00e1s alta y larga trayectoria de despegue.<br \/>\nPrecisi\u00f3n extrema y rango de spin \u00f3ptimo por su cubierta<br \/>\n\u201cTour Urethance Cover\u201d.<br \/>\nExcelente precisi\u00f3n hacia adelante.<br \/>\nSuave al impacto y \u201cTour Pro\u201d control alrededor del green.<br \/>\nMayor distancia por su rodaje incrementado.<\/p>\n","protected":false},"excerpt":{"rendered":"<p>GOLFISTAS AVANZADOS CON ALTA VELOCIDAD DE SWING M\u00e1s alta y larga trayectoria de despegue. Precisi\u00f3n extrema y rango de spin \u00f3ptimo por su cubierta \u201cTour Urethance Cover\u201d. Excelente precisi\u00f3n hacia adelante. Suave al impacto y \u201cTour Pro\u201d control alrededor del green. Mayor distancia por su rodaje incrementado.<\/p>\n","protected":false},"featured_media":2850,"template":"","meta":[],"product_brand":[],"product_cat":[17],"product_tag":[],"class_list":{"0":"post-1290","1":"product","2":"type-product","3":"status-publish","4":"has-post-thumbnail","6":"product_cat-pelotas","8":"first","9":"instock","10":"taxable","11":"shipping-taxable","12":"purchasable","13":"product-type-simple"},"_links":{"self":[{"href":"https:\/\/www.tecnogolf.mx\/tienda\/wp-json\/wp\/v2\/product\/1290","targetHints":{"allow":["GET"]}}],"collection":[{"href":"https:\/\/www.tecnogolf.mx\/tienda\/wp-json\/wp\/v2\/product"}],"about":[{"href":"https:\/\/www.tecnogolf.mx\/tienda\/wp-json\/wp\/v2\/types\/product"}],"wp:featuredmedia":[{"embeddable":true,"href":"https:\/\/www.tecnogolf.mx\/tienda\/wp-json\/wp\/v2\/media\/2850"}],"wp:attachment":[{"href":"https:\/\/www.tecnogolf.mx\/tienda\/wp-json\/wp\/v2\/media?parent=1290"}],"wp:term":[{"taxonomy":"product_brand","embeddable":true,"href":"https:\/\/www.tecnogolf.mx\/tienda\/wp-json\/wp\/v2\/product_brand?post=1290"},{"taxonomy":"product_cat","embeddable":true,"href":"https:\/\/www.tecnogolf.mx\/tienda\/wp-json\/wp\/v2\/product_cat?post=1290"},{"taxonomy":"product_tag","embeddable":true,"href":"https:\/\/www.tecnogolf.mx\/tienda\/wp-json\/wp\/v2\/product_tag?post=1290"}],"curies":[{"name":"wp","href":"https:\/\/api.w.org\/{rel}","templated":true}]}}