{"id":1996,"date":"2022-07-05T20:11:24","date_gmt":"2022-07-06T02:11:24","guid":{"rendered":"https:\/\/www.tecnogolfshop.mx\/producto\/tee-azul-mca-pride-professional-3-1-4\/"},"modified":"2024-07-25T10:32:31","modified_gmt":"2024-07-25T16:32:31","slug":"tee-azul-mca-pride-professional-3-1-4","status":"publish","type":"product","link":"https:\/\/www.tecnogolf.mx\/tienda\/producto\/tee-azul-mca-pride-professional-3-1-4\/","title":{"rendered":"Tees Pride Professional 3 1\/4"},"content":{"rendered":"<p>TEE AZUL MCA PRIDE PROFESSIONAL 3 1\/4<\/p>\n<ul class=\"a-unordered-list a-vertical a-spacing-mini\">\n<li class=\"a-spacing-mini\"><span class=\"a-list-item\">3\u00a0\u2013\u00a01\/10,2\u00a0cm 8,3\u00a0cm) evoluci\u00f3n pl\u00e1stico rendimiento tees de golf<\/span><\/li>\n<li class=\"a-spacing-mini\"><span class=\"a-list-item\">Tee lengthe mejor para los conductores de m\u00e1s de 360\u00a0cc<\/span><\/li>\n<li class=\"a-spacing-mini\"><span class=\"a-list-item\">Un paquete de 30\u00a0unidades<\/span><\/li>\n<\/ul>\n","protected":false},"excerpt":{"rendered":"<p>TEE AZUL MCA PRIDE PROFESSIONAL 3 1\/4 3\u00a0\u2013\u00a01\/10,2\u00a0cm 8,3\u00a0cm) evoluci\u00f3n pl\u00e1stico rendimiento tees de golf Tee lengthe mejor para los conductores de m\u00e1s de 360\u00a0cc Un paquete de 30\u00a0unidades<\/p>\n","protected":false},"featured_media":2972,"template":"","meta":[],"product_brand":[],"product_cat":[30],"product_tag":[],"class_list":{"0":"post-1996","1":"product","2":"type-product","3":"status-publish","4":"has-post-thumbnail","6":"product_cat-tees","8":"first","9":"outofstock","10":"taxable","11":"shipping-taxable","12":"purchasable","13":"product-type-simple"},"_links":{"self":[{"href":"https:\/\/www.tecnogolf.mx\/tienda\/wp-json\/wp\/v2\/product\/1996","targetHints":{"allow":["GET"]}}],"collection":[{"href":"https:\/\/www.tecnogolf.mx\/tienda\/wp-json\/wp\/v2\/product"}],"about":[{"href":"https:\/\/www.tecnogolf.mx\/tienda\/wp-json\/wp\/v2\/types\/product"}],"wp:featuredmedia":[{"embeddable":true,"href":"https:\/\/www.tecnogolf.mx\/tienda\/wp-json\/wp\/v2\/media\/2972"}],"wp:attachment":[{"href":"https:\/\/www.tecnogolf.mx\/tienda\/wp-json\/wp\/v2\/media?parent=1996"}],"wp:term":[{"taxonomy":"product_brand","embeddable":true,"href":"https:\/\/www.tecnogolf.mx\/tienda\/wp-json\/wp\/v2\/product_brand?post=1996"},{"taxonomy":"product_cat","embeddable":true,"href":"https:\/\/www.tecnogolf.mx\/tienda\/wp-json\/wp\/v2\/product_cat?post=1996"},{"taxonomy":"product_tag","embeddable":true,"href":"https:\/\/www.tecnogolf.mx\/tienda\/wp-json\/wp\/v2\/product_tag?post=1996"}],"curies":[{"name":"wp","href":"https:\/\/api.w.org\/{rel}","templated":true}]}}