{"id":2745,"date":"2023-05-24T10:38:59","date_gmt":"2023-05-24T16:38:59","guid":{"rendered":"https:\/\/www.tecnogolf.mx\/tienda\/?post_type=product&#038;p=2745"},"modified":"2025-11-16T10:02:37","modified_gmt":"2025-11-16T16:02:37","slug":"termo-para-cafe-negro-tecnogolf","status":"publish","type":"product","link":"https:\/\/www.tecnogolf.mx\/tienda\/producto\/termo-para-cafe-negro-tecnogolf\/","title":{"rendered":"Termo para Caf\u00e9 Negro &#8211; Tecnogolf"},"content":{"rendered":"<p>Termo para caf\u00e9 o t\u00e9 marca Tecnogolf<\/p>\n<ul>\n<li>De acero inoxidable con aislamiento.<\/li>\n<li>Con canastilla para t\u00e9.<\/li>\n<li>Capacidad: 18 Oz. \/ 500 ml.<\/li>\n<\/ul>\n","protected":false},"excerpt":{"rendered":"<p>Termo para caf\u00e9 o t\u00e9 marca Tecnogolf De acero inoxidable con aislamiento. Con canastilla para t\u00e9. Capacidad: 18 Oz. \/ 500 ml.<\/p>\n","protected":false},"featured_media":2730,"template":"","meta":[],"product_brand":[],"product_cat":[21,42,90],"product_tag":[],"class_list":{"0":"post-2745","1":"product","2":"type-product","3":"status-publish","4":"has-post-thumbnail","6":"product_cat-accesorios-de-golf","7":"product_cat-termos","8":"product_cat-torneos-de-golf","10":"first","11":"instock","12":"taxable","13":"shipping-taxable","14":"purchasable","15":"product-type-simple"},"_links":{"self":[{"href":"https:\/\/www.tecnogolf.mx\/tienda\/wp-json\/wp\/v2\/product\/2745","targetHints":{"allow":["GET"]}}],"collection":[{"href":"https:\/\/www.tecnogolf.mx\/tienda\/wp-json\/wp\/v2\/product"}],"about":[{"href":"https:\/\/www.tecnogolf.mx\/tienda\/wp-json\/wp\/v2\/types\/product"}],"wp:featuredmedia":[{"embeddable":true,"href":"https:\/\/www.tecnogolf.mx\/tienda\/wp-json\/wp\/v2\/media\/2730"}],"wp:attachment":[{"href":"https:\/\/www.tecnogolf.mx\/tienda\/wp-json\/wp\/v2\/media?parent=2745"}],"wp:term":[{"taxonomy":"product_brand","embeddable":true,"href":"https:\/\/www.tecnogolf.mx\/tienda\/wp-json\/wp\/v2\/product_brand?post=2745"},{"taxonomy":"product_cat","embeddable":true,"href":"https:\/\/www.tecnogolf.mx\/tienda\/wp-json\/wp\/v2\/product_cat?post=2745"},{"taxonomy":"product_tag","embeddable":true,"href":"https:\/\/www.tecnogolf.mx\/tienda\/wp-json\/wp\/v2\/product_tag?post=2745"}],"curies":[{"name":"wp","href":"https:\/\/api.w.org\/{rel}","templated":true}]}}