{"id":2816,"date":"2023-06-08T11:25:22","date_gmt":"2023-06-08T17:25:22","guid":{"rendered":"https:\/\/www.tecnogolf.mx\/tienda\/?post_type=product&#038;p=2816"},"modified":"2025-11-25T10:41:49","modified_gmt":"2025-11-25T16:41:49","slug":"personalizacion-de-pelotas","status":"publish","type":"product","link":"https:\/\/www.tecnogolf.mx\/tienda\/producto\/personalizacion-de-pelotas\/","title":{"rendered":"Personaliza tus Volvik"},"content":{"rendered":"<p>\u00bfC\u00d3MO AGREGAR MI TEXTO O LOGO?<\/p>\n<ul>\n<li><strong>PRECIO POR PELOTA.<\/strong> Ejemplo: 1 docena = 12 items de impresi\u00f3n \/ Millar = 1000 items de impresi\u00f3n.<\/li>\n<li class=\"p1\"><strong>Tiempo de entrega de 3 a 5 d\u00edas h\u00e1biles.<\/strong><\/li>\n<li><strong>Este SKU no incluye las pelotas.<\/strong><\/li>\n<li>Solo se puede imprimir 1 logo o texto de max. 15 caracteres.<\/li>\n<li>Agrega el TEXTO a imprimir o la palabra LOGO en <strong>\u00abNOTA\u00bb<\/strong><\/li>\n<li>Para impresi\u00f3n de logotipo, deber\u00e1s enviarlo vectorizado (Formatos .PDF, .AI o .EPS) al siguiente correo: <strong>mkt@tecnogolf.mx.<\/strong> <strong>No se aceptan logos en formato .JPG u otros formatos que no sean los se\u00f1alados.<\/strong><\/li>\n<\/ul>\n","protected":false},"excerpt":{"rendered":"<p>\u00bfC\u00d3MO AGREGAR MI TEXTO O LOGO? PRECIO POR PELOTA. Ejemplo: 1 docena = 12 items de impresi\u00f3n \/ Millar = 1000 items de impresi\u00f3n. Tiempo de entrega de 3 a 5 d\u00edas h\u00e1biles. Este SKU no incluye las pelotas. Solo se puede imprimir 1 logo o texto de max. 15 caracteres. Agrega el TEXTO a &hellip;<\/p>\n","protected":false},"featured_media":2818,"template":"","meta":[],"product_brand":[],"product_cat":[105,17],"product_tag":[],"class_list":{"0":"post-2816","1":"product","2":"type-product","3":"status-publish","4":"has-post-thumbnail","6":"product_cat-mexico","7":"product_cat-pelotas","9":"first","10":"instock","11":"taxable","12":"shipping-taxable","13":"purchasable","14":"product-type-simple"},"_links":{"self":[{"href":"https:\/\/www.tecnogolf.mx\/tienda\/wp-json\/wp\/v2\/product\/2816","targetHints":{"allow":["GET"]}}],"collection":[{"href":"https:\/\/www.tecnogolf.mx\/tienda\/wp-json\/wp\/v2\/product"}],"about":[{"href":"https:\/\/www.tecnogolf.mx\/tienda\/wp-json\/wp\/v2\/types\/product"}],"wp:featuredmedia":[{"embeddable":true,"href":"https:\/\/www.tecnogolf.mx\/tienda\/wp-json\/wp\/v2\/media\/2818"}],"wp:attachment":[{"href":"https:\/\/www.tecnogolf.mx\/tienda\/wp-json\/wp\/v2\/media?parent=2816"}],"wp:term":[{"taxonomy":"product_brand","embeddable":true,"href":"https:\/\/www.tecnogolf.mx\/tienda\/wp-json\/wp\/v2\/product_brand?post=2816"},{"taxonomy":"product_cat","embeddable":true,"href":"https:\/\/www.tecnogolf.mx\/tienda\/wp-json\/wp\/v2\/product_cat?post=2816"},{"taxonomy":"product_tag","embeddable":true,"href":"https:\/\/www.tecnogolf.mx\/tienda\/wp-json\/wp\/v2\/product_tag?post=2816"}],"curies":[{"name":"wp","href":"https:\/\/api.w.org\/{rel}","templated":true}]}}