{"id":2986,"date":"2023-12-21T13:19:49","date_gmt":"2023-12-21T19:19:49","guid":{"rendered":"https:\/\/www.tecnogolf.mx\/tienda\/?post_type=product&#038;p=2986"},"modified":"2024-01-26T13:01:47","modified_gmt":"2024-01-26T19:01:47","slug":"laser-rangefinder-blanco","status":"publish","type":"product","link":"https:\/\/www.tecnogolf.mx\/tienda\/producto\/laser-rangefinder-blanco\/","title":{"rendered":"L\u00e1ser Rangefinder Blanco"},"content":{"rendered":"<p>Golf L\u00e1ser \/ Rangefinder<\/p>\n<ul>\n<li>Rangerfinder color blanco.<\/li>\n<li>600 m.<\/li>\n<li>Marca Tecnogolf<\/li>\n<\/ul>\n<p>El Rangerfinder o Golf L\u00e1ser, te proporcionar\u00e1 una distancia precisa para elegir el palo perfecto para cada golpe. La tecnolog\u00eda SLOPE (diferencia de altura) proporciona las medidas de distancia compensadas basadas en la elevaci\u00f3n del terreno.<\/p>\n","protected":false},"excerpt":{"rendered":"<p>Golf L\u00e1ser \/ Rangefinder Rangerfinder color blanco. 600 m. Marca Tecnogolf El Rangerfinder o Golf L\u00e1ser, te proporcionar\u00e1 una distancia precisa para elegir el palo perfecto para cada golpe. La tecnolog\u00eda SLOPE (diferencia de altura) proporciona las medidas de distancia compensadas basadas en la elevaci\u00f3n del terreno.<\/p>\n","protected":false},"featured_media":2990,"template":"","meta":[],"product_brand":[],"product_cat":[31],"product_tag":[],"class_list":{"0":"post-2986","1":"product","2":"type-product","3":"status-publish","4":"has-post-thumbnail","6":"product_cat-rangefinder","8":"first","9":"instock","10":"taxable","11":"shipping-taxable","12":"purchasable","13":"product-type-simple"},"_links":{"self":[{"href":"https:\/\/www.tecnogolf.mx\/tienda\/wp-json\/wp\/v2\/product\/2986","targetHints":{"allow":["GET"]}}],"collection":[{"href":"https:\/\/www.tecnogolf.mx\/tienda\/wp-json\/wp\/v2\/product"}],"about":[{"href":"https:\/\/www.tecnogolf.mx\/tienda\/wp-json\/wp\/v2\/types\/product"}],"wp:featuredmedia":[{"embeddable":true,"href":"https:\/\/www.tecnogolf.mx\/tienda\/wp-json\/wp\/v2\/media\/2990"}],"wp:attachment":[{"href":"https:\/\/www.tecnogolf.mx\/tienda\/wp-json\/wp\/v2\/media?parent=2986"}],"wp:term":[{"taxonomy":"product_brand","embeddable":true,"href":"https:\/\/www.tecnogolf.mx\/tienda\/wp-json\/wp\/v2\/product_brand?post=2986"},{"taxonomy":"product_cat","embeddable":true,"href":"https:\/\/www.tecnogolf.mx\/tienda\/wp-json\/wp\/v2\/product_cat?post=2986"},{"taxonomy":"product_tag","embeddable":true,"href":"https:\/\/www.tecnogolf.mx\/tienda\/wp-json\/wp\/v2\/product_tag?post=2986"}],"curies":[{"name":"wp","href":"https:\/\/api.w.org\/{rel}","templated":true}]}}