{"id":3257,"date":"2024-01-05T16:37:02","date_gmt":"2024-01-05T22:37:02","guid":{"rendered":"https:\/\/www.tecnogolf.mx\/tienda2024\/?post_type=product&#038;p=3257"},"modified":"2024-01-05T16:44:15","modified_gmt":"2024-01-05T22:44:15","slug":"carrito-dm","status":"publish","type":"product","link":"https:\/\/www.tecnogolf.mx\/tienda\/producto\/carrito-dm\/","title":{"rendered":"Carrito DM"},"content":{"rendered":"<p>Un carrito completamente equipado para 6 pasajeros. Con neum\u00e1ticos resistentes y suspensi\u00f3n m\u00e1s alta, que te brindar\u00e1\u00a0un viaje suave y elegante. Aumenta\u00a0tu\u00a0tiempo de conducci\u00f3n con\u00a0potencia de la\u00a0versi\u00f3n\u00a0litio ELiTE\u2122.<\/p>\n<ul>\n<li>Garant\u00eda de hasta 8 a\u00f1os en bater\u00edas ELiTE\u2122.<\/li>\n<li>Eficiencia energ\u00e9tica inigualable.<\/li>\n<li>C\u00f3modo espacio para 6 pasajeros.<\/li>\n<\/ul>\n","protected":false},"excerpt":{"rendered":"<p>Un carrito completamente equipado para 6 pasajeros. Con neum\u00e1ticos resistentes y suspensi\u00f3n m\u00e1s alta, que te brindar\u00e1\u00a0un viaje suave y elegante. Aumenta\u00a0tu\u00a0tiempo de conducci\u00f3n con\u00a0potencia de la\u00a0versi\u00f3n\u00a0litio ELiTE\u2122. Garant\u00eda de hasta 8 a\u00f1os en bater\u00edas ELiTE\u2122. Eficiencia energ\u00e9tica inigualable. C\u00f3modo espacio para 6 pasajeros.<\/p>\n","protected":false},"featured_media":3258,"template":"","meta":[],"product_brand":[],"product_cat":[42],"product_tag":[],"class_list":{"0":"post-3257","1":"product","2":"type-product","3":"status-publish","4":"has-post-thumbnail","6":"product_cat-termos","8":"first","9":"instock","10":"purchasable","11":"product-type-variable","12":"has-default-attributes"},"_links":{"self":[{"href":"https:\/\/www.tecnogolf.mx\/tienda\/wp-json\/wp\/v2\/product\/3257","targetHints":{"allow":["GET"]}}],"collection":[{"href":"https:\/\/www.tecnogolf.mx\/tienda\/wp-json\/wp\/v2\/product"}],"about":[{"href":"https:\/\/www.tecnogolf.mx\/tienda\/wp-json\/wp\/v2\/types\/product"}],"wp:featuredmedia":[{"embeddable":true,"href":"https:\/\/www.tecnogolf.mx\/tienda\/wp-json\/wp\/v2\/media\/3258"}],"wp:attachment":[{"href":"https:\/\/www.tecnogolf.mx\/tienda\/wp-json\/wp\/v2\/media?parent=3257"}],"wp:term":[{"taxonomy":"product_brand","embeddable":true,"href":"https:\/\/www.tecnogolf.mx\/tienda\/wp-json\/wp\/v2\/product_brand?post=3257"},{"taxonomy":"product_cat","embeddable":true,"href":"https:\/\/www.tecnogolf.mx\/tienda\/wp-json\/wp\/v2\/product_cat?post=3257"},{"taxonomy":"product_tag","embeddable":true,"href":"https:\/\/www.tecnogolf.mx\/tienda\/wp-json\/wp\/v2\/product_tag?post=3257"}],"curies":[{"name":"wp","href":"https:\/\/api.w.org\/{rel}","templated":true}]}}