{"id":3274,"date":"2024-01-15T11:53:40","date_gmt":"2024-01-15T17:53:40","guid":{"rendered":"https:\/\/www.tecnogolf.mx\/tienda\/?post_type=product&#038;p=3274"},"modified":"2024-10-23T16:45:27","modified_gmt":"2024-10-23T22:45:27","slug":"pelota-de-practica-blanca-millar","status":"publish","type":"product","link":"https:\/\/www.tecnogolf.mx\/tienda\/producto\/pelota-de-practica-blanca-millar\/","title":{"rendered":"Pelota de Pr\u00e1ctica Blanca (Millar)"},"content":{"rendered":"<p>Pelotas de pr\u00e1ctica Tecnogolf<\/p>\n<ul>\n<li>Color blancas<\/li>\n<li>Marca Tecnogolf<\/li>\n<li>Incluye 1000 pelotas de pr\u00e1ctica color blancas<\/li>\n<li>No incluye personalizaci\u00f3n.<strong> Agregar tu logo en el apartado \u00abPersonaliza tus Volvik\u00bb.\u00a0<\/strong><\/li>\n<\/ul>\n","protected":false},"excerpt":{"rendered":"<p>Pelotas de pr\u00e1ctica Tecnogolf Color blancas Marca Tecnogolf Incluye 1000 pelotas de pr\u00e1ctica color blancas No incluye personalizaci\u00f3n. Agregar tu logo en el apartado \u00abPersonaliza tus Volvik\u00bb.\u00a0<\/p>\n","protected":false},"featured_media":3275,"template":"","meta":[],"product_brand":[],"product_cat":[17],"product_tag":[],"class_list":{"0":"post-3274","1":"product","2":"type-product","3":"status-publish","4":"has-post-thumbnail","6":"product_cat-pelotas","8":"first","9":"instock","10":"taxable","11":"shipping-taxable","12":"purchasable","13":"product-type-simple"},"_links":{"self":[{"href":"https:\/\/www.tecnogolf.mx\/tienda\/wp-json\/wp\/v2\/product\/3274","targetHints":{"allow":["GET"]}}],"collection":[{"href":"https:\/\/www.tecnogolf.mx\/tienda\/wp-json\/wp\/v2\/product"}],"about":[{"href":"https:\/\/www.tecnogolf.mx\/tienda\/wp-json\/wp\/v2\/types\/product"}],"wp:featuredmedia":[{"embeddable":true,"href":"https:\/\/www.tecnogolf.mx\/tienda\/wp-json\/wp\/v2\/media\/3275"}],"wp:attachment":[{"href":"https:\/\/www.tecnogolf.mx\/tienda\/wp-json\/wp\/v2\/media?parent=3274"}],"wp:term":[{"taxonomy":"product_brand","embeddable":true,"href":"https:\/\/www.tecnogolf.mx\/tienda\/wp-json\/wp\/v2\/product_brand?post=3274"},{"taxonomy":"product_cat","embeddable":true,"href":"https:\/\/www.tecnogolf.mx\/tienda\/wp-json\/wp\/v2\/product_cat?post=3274"},{"taxonomy":"product_tag","embeddable":true,"href":"https:\/\/www.tecnogolf.mx\/tienda\/wp-json\/wp\/v2\/product_tag?post=3274"}],"curies":[{"name":"wp","href":"https:\/\/api.w.org\/{rel}","templated":true}]}}