{"id":725,"date":"2022-03-10T09:20:52","date_gmt":"2022-03-10T15:20:52","guid":{"rendered":"https:\/\/www.tecnogolfshop.mx\/producto\/rangefinder-mca-tecnogolf-color-blanco-con-slope\/"},"modified":"2024-01-26T12:54:11","modified_gmt":"2024-01-26T18:54:11","slug":"rangefinder-mca-tecnogolf-color-blanco-con-slope","status":"publish","type":"product","link":"https:\/\/www.tecnogolf.mx\/tienda\/producto\/rangefinder-mca-tecnogolf-color-blanco-con-slope\/","title":{"rendered":"L\u00e1ser Rangefinder Blanco con Slope"},"content":{"rendered":"<p>Golf L\u00e1ser \/ Rangefinder con Slope<\/p>\n<ul>\n<li>Rangerfinder color blanco.<\/li>\n<li>600 m.<\/li>\n<li>Con Slope.<\/li>\n<li>Marca Tecnogolf<\/li>\n<\/ul>\n<p>El Rangerfinder o Golf L\u00e1ser, te proporcionar\u00e1 una distancia precisa para elegir el palo perfecto para cada golpe. La tecnolog\u00eda SLOPE (diferencia de altura) proporciona las medidas de distancia compensadas basadas en la elevaci\u00f3n del terreno.<\/p>\n<p>Slope: cuando tenemos un tiro a Green con desnivel (estamos a distinta altura con respecto al Green), el Modo Slope nos calcular\u00e1 autom\u00e1ticamente la distancia real que debemos hacer.<\/p>\n","protected":false},"excerpt":{"rendered":"<p>Golf L\u00e1ser \/ Rangefinder con Slope Rangerfinder color blanco. 600 m. Con Slope. Marca Tecnogolf El Rangerfinder o Golf L\u00e1ser, te proporcionar\u00e1 una distancia precisa para elegir el palo perfecto para cada golpe. La tecnolog\u00eda SLOPE (diferencia de altura) proporciona las medidas de distancia compensadas basadas en la elevaci\u00f3n del terreno. Slope: cuando tenemos un &hellip;<\/p>\n","protected":false},"featured_media":2987,"template":"","meta":[],"product_brand":[],"product_cat":[31],"product_tag":[],"class_list":{"0":"post-725","1":"product","2":"type-product","3":"status-publish","4":"has-post-thumbnail","6":"product_cat-rangefinder","8":"first","9":"instock","10":"taxable","11":"shipping-taxable","12":"purchasable","13":"product-type-simple"},"_links":{"self":[{"href":"https:\/\/www.tecnogolf.mx\/tienda\/wp-json\/wp\/v2\/product\/725","targetHints":{"allow":["GET"]}}],"collection":[{"href":"https:\/\/www.tecnogolf.mx\/tienda\/wp-json\/wp\/v2\/product"}],"about":[{"href":"https:\/\/www.tecnogolf.mx\/tienda\/wp-json\/wp\/v2\/types\/product"}],"wp:featuredmedia":[{"embeddable":true,"href":"https:\/\/www.tecnogolf.mx\/tienda\/wp-json\/wp\/v2\/media\/2987"}],"wp:attachment":[{"href":"https:\/\/www.tecnogolf.mx\/tienda\/wp-json\/wp\/v2\/media?parent=725"}],"wp:term":[{"taxonomy":"product_brand","embeddable":true,"href":"https:\/\/www.tecnogolf.mx\/tienda\/wp-json\/wp\/v2\/product_brand?post=725"},{"taxonomy":"product_cat","embeddable":true,"href":"https:\/\/www.tecnogolf.mx\/tienda\/wp-json\/wp\/v2\/product_cat?post=725"},{"taxonomy":"product_tag","embeddable":true,"href":"https:\/\/www.tecnogolf.mx\/tienda\/wp-json\/wp\/v2\/product_tag?post=725"}],"curies":[{"name":"wp","href":"https:\/\/api.w.org\/{rel}","templated":true}]}}