{"id":737,"date":"2022-03-10T09:51:36","date_gmt":"2022-03-10T15:51:36","guid":{"rendered":"https:\/\/www.tecnogolfshop.mx\/producto\/rangefinder-mca-tecnogolf-color-negro\/"},"modified":"2024-01-26T12:50:52","modified_gmt":"2024-01-26T18:50:52","slug":"rangefinder-mca-tecnogolf-color-negro","status":"publish","type":"product","link":"https:\/\/www.tecnogolf.mx\/tienda\/producto\/rangefinder-mca-tecnogolf-color-negro\/","title":{"rendered":"L\u00e1ser Rangefinder Negro"},"content":{"rendered":"<p>Golf L\u00e1ser Rangefinder Marca Tecnogolf Color Negro<\/p>\n<ul>\n<li>Rangerfinder \/ L\u00e1ser color negro.<\/li>\n<li>600 m.<\/li>\n<li>Marca Tecnogolf<\/li>\n<\/ul>\n<p class=\"p1\">El Rangerfinder o Golf L\u00e1ser, te proporcionar\u00e1 una distancia precisa para elegir el palo perfecto para cada golpe. La tecnolog\u00eda SLOPE (diferencia de altura) proporciona las medidas de distancia compensadas basadas en la elevaci\u00f3n del terreno.<\/p>\n","protected":false},"excerpt":{"rendered":"<p>Golf L\u00e1ser Rangefinder Marca Tecnogolf Color Negro Rangerfinder \/ L\u00e1ser color negro. 600 m. Marca Tecnogolf El Rangerfinder o Golf L\u00e1ser, te proporcionar\u00e1 una distancia precisa para elegir el palo perfecto para cada golpe. La tecnolog\u00eda SLOPE (diferencia de altura) proporciona las medidas de distancia compensadas basadas en la elevaci\u00f3n del terreno.<\/p>\n","protected":false},"featured_media":2983,"template":"","meta":[],"product_brand":[],"product_cat":[31],"product_tag":[],"class_list":{"0":"post-737","1":"product","2":"type-product","3":"status-publish","4":"has-post-thumbnail","6":"product_cat-rangefinder","8":"first","9":"instock","10":"taxable","11":"shipping-taxable","12":"purchasable","13":"product-type-simple"},"_links":{"self":[{"href":"https:\/\/www.tecnogolf.mx\/tienda\/wp-json\/wp\/v2\/product\/737","targetHints":{"allow":["GET"]}}],"collection":[{"href":"https:\/\/www.tecnogolf.mx\/tienda\/wp-json\/wp\/v2\/product"}],"about":[{"href":"https:\/\/www.tecnogolf.mx\/tienda\/wp-json\/wp\/v2\/types\/product"}],"wp:featuredmedia":[{"embeddable":true,"href":"https:\/\/www.tecnogolf.mx\/tienda\/wp-json\/wp\/v2\/media\/2983"}],"wp:attachment":[{"href":"https:\/\/www.tecnogolf.mx\/tienda\/wp-json\/wp\/v2\/media?parent=737"}],"wp:term":[{"taxonomy":"product_brand","embeddable":true,"href":"https:\/\/www.tecnogolf.mx\/tienda\/wp-json\/wp\/v2\/product_brand?post=737"},{"taxonomy":"product_cat","embeddable":true,"href":"https:\/\/www.tecnogolf.mx\/tienda\/wp-json\/wp\/v2\/product_cat?post=737"},{"taxonomy":"product_tag","embeddable":true,"href":"https:\/\/www.tecnogolf.mx\/tienda\/wp-json\/wp\/v2\/product_tag?post=737"}],"curies":[{"name":"wp","href":"https:\/\/api.w.org\/{rel}","templated":true}]}}